{"id":73,"date":"2023-08-04T21:01:51","date_gmt":"2023-08-04T12:01:51","guid":{"rendered":"http:\/\/studiosaari.net\/?page_id=73"},"modified":"2026-02-22T16:46:43","modified_gmt":"2026-02-22T14:46:43","slug":"%e4%bc%9a%e7%a4%be%e6%83%85%e5%a0%b1","status":"publish","type":"page","link":"https:\/\/smpa.fi\/?page_id=73","title":{"rendered":"Suomi"},"content":{"rendered":"<p>Kiitos, ett\u00e4 vierailit Shima Music Production &amp; Agency Oy.:n verkkosivustolla.<\/p>\n<p>SMP&amp;A on yritys, joka on omistautunut kulttuurivaihtoon maailman eri maiden kanssa p\u00e4\u00e4asiassa musiikin ja viihteen kautta. Erityisesti teemme seuraavaa ty\u00f6t\u00e4.<\/p>\n<p>1. Musiikin s\u00e4velt\u00e4minen ja sovittaminen<br \/>2. IP-liiketoiminnan (henkisen omaisuuden) v\u00e4litt\u00e4minen kotimaassa ja ulkomailla.<br \/>3. Japanilaisten taiteilijoiden tuottaminen ulkomaisiin tapahtumiin (muusikot, animaatioiden tekij\u00e4t, \u00e4\u00e4nin\u00e4yttelij\u00e4t, cosplay-esiintyj\u00e4t jne.)<br \/>4. Japanissa pidett\u00e4vien tapahtumien suunnittelu ja j\u00e4rjest\u00e4minen.<br \/>5. Pelien ja asiakirjojen lokalisointi<br \/>6. Kaikki edell\u00e4 mainittuihin liittyv\u00e4\u00e4 ja niihin liittyv\u00e4\u00e4 liiketoimintaa.<\/p>\n<div class=\"flex-shrink-0 flex flex-col relative items-end\">\n<div>\n<div class=\"pt-0\">\n<div class=\"gizmo-bot-avatar flex h-8 w-8 items-center justify-center overflow-hidden rounded-full\">\n<div class=\"relative p-1 rounded-sm flex items-center justify-center bg-token-main-surface-primary text-token-text-primary h-8 w-8\"><span style=\"font-size: revert; color: initial; font-family: var(--vk-font-family);\">Lis\u00e4tietoja varten, ota meihin yhteytt\u00e4:<br \/><\/span><span style=\"font-size: revert; color: initial; font-family: var(--vk-font-family);\">+358-45-7874-1456<br \/><\/span><a style=\"font-size: revert; background-color: #ffffff; font-family: var(--vk-font-family);\" href=\"info@smpa.fi\" rel=\"noopener\">info@smpa.fi<\/a><\/div>\n<\/div>\n<\/div>\n<\/div>\n<\/div>\n\n\n<p><strong>Liikekumppanit<\/strong><br>Yle (Suomen kansallinen yleisradioyhti\u00f6)<br>Bandai Namco Arts<br>Aoni Production<br>Toei Company<br>Nippon Sunrise<br>Ken Production<br>NHK Enterprises<br>Fuji Pacific Music<br>Twin Engine<br>Pony Canyon ja monet muut<\/p>\n\n\n\n<p><strong>Japanilaiset Taiteilijat, Jotka On Tuotettu Tapahtumiin Suomessa<\/strong><br>Kenji Nojima (\u00c4\u00e4nin\u00e4yttelij\u00e4)<br>Tsubasa Yonaga (\u00c4\u00e4nin\u00e4yttelij\u00e4)<br>Atsushi Abe (\u00c4\u00e4nin\u00e4yttelij\u00e4)<br>Tasuku Hatanaka (\u00c4\u00e4nin\u00e4yttelij\u00e4)<br>Toshio Furukawa (\u00c4\u00e4nin\u00e4yttelij\u00e4)<br>Yuki Kaji (\u00c4\u00e4nin\u00e4yttelij\u00e4)<br>Megumi Ogata (\u00c4\u00e4nin\u00e4yttelij\u00e4)<br>Norio Wakamoto (\u00c4\u00e4nin\u00e4yttelij\u00e4)<br>Takahiro Omori (Animaattori)<br>Shinichiro Watanabe (Animaattori)<br>Toshihiro Kawamoto (Animaattori)<br>Osamu Murase (Animaattori)<br>Gen Urobuchi (K\u00e4sikirjoittaja)<br>Kore Yamasaki (Manga-taiteilija)<br>Kamome Shirahama (Manga-taiteilija) ja monet muut<\/p>\n","protected":false},"excerpt":{"rendered":"<p>Kiitos, ett\u00e4 vierailit Shima Music Production &amp; Agency Oy.:n verkkosivustolla. SMP&amp;A on yritys, joka o [&hellip;]<\/p>\n","protected":false},"author":3,"featured_media":0,"parent":0,"menu_order":0,"comment_status":"closed","ping_status":"closed","template":"","meta":{"vkexunit_cta_each_option":"","footnotes":""},"class_list":["post-73","page","type-page","status-publish","hentry"],"aioseo_notices":[],"_links":{"self":[{"href":"https:\/\/smpa.fi\/index.php?rest_route=\/wp\/v2\/pages\/73","targetHints":{"allow":["GET"]}}],"collection":[{"href":"https:\/\/smpa.fi\/index.php?rest_route=\/wp\/v2\/pages"}],"about":[{"href":"https:\/\/smpa.fi\/index.php?rest_route=\/wp\/v2\/types\/page"}],"author":[{"embeddable":true,"href":"https:\/\/smpa.fi\/index.php?rest_route=\/wp\/v2\/users\/3"}],"replies":[{"embeddable":true,"href":"https:\/\/smpa.fi\/index.php?rest_route=%2Fwp%2Fv2%2Fcomments&post=73"}],"version-history":[{"count":22,"href":"https:\/\/smpa.fi\/index.php?rest_route=\/wp\/v2\/pages\/73\/revisions"}],"predecessor-version":[{"id":801,"href":"https:\/\/smpa.fi\/index.php?rest_route=\/wp\/v2\/pages\/73\/revisions\/801"}],"wp:attachment":[{"href":"https:\/\/smpa.fi\/index.php?rest_route=%2Fwp%2Fv2%2Fmedia&parent=73"}],"curies":[{"name":"wp","href":"https:\/\/api.w.org\/{rel}","templated":true}]}}